{"id":1124,"date":"2024-11-20T19:08:01","date_gmt":"2024-11-21T05:08:01","guid":{"rendered":"https:\/\/kontikitahiti.com\/contact\/"},"modified":"2025-05-23T19:11:31","modified_gmt":"2025-05-23T19:11:31","slug":"contact","status":"publish","type":"page","link":"https:\/\/kontikitahiti.com\/en\/contact\/","title":{"rendered":"Contact"},"content":{"rendered":"<!--themify_builder_content-->\n<div id=\"themify_builder_content-1124\" data-postid=\"1124\" class=\"themify_builder_content themify_builder_content-1124 themify_builder tf_clear\">\n                    <div  data-css_id=\"d6v8625\" data-lazy=\"1\" class=\"module_row themify_builder_row fullwidth_row_container tb_d6v8625 tb_first tf_w\" data-tbfullwidthvideo=\"https:\/\/vimeo.com\/1033619326?share=copy\">\n                        <div class=\"row_inner col_align_top tb_col_count_1 tf_box tf_rel\">\n                        <div  data-lazy=\"1\" class=\"module_column tb-column col-full tb_4olm625 first\">\n                    <!-- module image -->\n<div  class=\"module module-image tb_9mnn625 image-center  parallax-fade tf_mw\" data-lazy=\"1\">\n        <div class=\"image-wrap tf_rel tf_mw\">\n            <img decoding=\"async\" src=\"https:\/\/kontikitahiti.com\/wp-content\/uploads\/2024\/11\/logo-tiki.svg\" class=\"wp-post-image wp-image-922\" title=\"logo-tiki\" alt=\"logo-tiki\">    \n        <\/div>\n    <!-- \/image-wrap -->\n    \n        <\/div>\n<!-- \/module image --><!-- module text -->\n<div  class=\"module module-text tb_wy9u625 parallax-fade  \" data-lazy=\"1\">\n        <div  class=\"tb_text_wrap\">\n        <h1 style=\"text-align: center;\">Contact<\/h1>    <\/div>\n<\/div>\n<!-- \/module text --><!-- module text -->\n<div  class=\"module module-text tb_hoz1625 parallax-fade  \" data-lazy=\"1\">\n        <div  class=\"tb_text_wrap\">\n        <p style=\"text-align: center;\"><span style=\"font-weight: 400;\">Our team will be happy to assist you with any information or booking requests.  <\/span><\/p>\n<p style=\"text-align: center;\"><span style=\"font-weight: 400;\">Write to us at <\/span><a href=\"mailto:direction@surfhouse.pf\"><span style=\"font-weight: 400;\">direction@surfhouse.pf<\/span><\/a><\/p>    <\/div>\n<\/div>\n<!-- \/module text -->        <\/div>\n                        <\/div>\n        <\/div>\n                        <div  data-css_id=\"wqji352\" data-lazy=\"1\" class=\"module_row themify_builder_row fullwidth_row_container tb_wqji352 tf_w\">\n                        <div class=\"row_inner col_align_top tb_col_count_1 tf_box tf_rel\">\n                        <div  data-lazy=\"1\" class=\"module_column tb-column col-full tb_a091352 first\">\n                            <div  data-lazy=\"1\" class=\"module_subrow themify_builder_sub_row tf_w col_align_middle tb_col_count_2 tb_7hhn352\">\n                <div  data-lazy=\"1\" class=\"module_column sub_column col4-2 tb_lrw8352 first\">\n                    <!-- module image -->\n<div  class=\"module module-image tb_ltfd352 image-top  parallax-fade tf_mw\" data-lazy=\"1\">\n        <div class=\"image-wrap tf_rel tf_mw\">\n            <img decoding=\"async\" src=\"https:\/\/kontikitahiti.com\/wp-content\/uploads\/2025\/03\/cartekontiki.svg\" class=\"wp-post-image wp-image-1084\" title=\"cartekontiki\" alt=\"cartekontiki\">    \n        <\/div>\n    <!-- \/image-wrap -->\n    \n        <\/div>\n<!-- \/module image -->        <\/div>\n                    <div  data-lazy=\"1\" class=\"module_column sub_column col4-2 tb_jrwz352 last\">\n                            <div  data-lazy=\"1\" class=\"module_subrow themify_builder_sub_row tf_w col_align_middle tb_col_count_2 tb_qbob899\">\n                <div  data-lazy=\"1\" class=\"module_column sub_column col4-2 tb_ripm899 first\">\n                    <!-- module text -->\n<div  class=\"module module-text tb_krlr352 parallax-fade  \" data-lazy=\"1\">\n        <div  class=\"tb_text_wrap\">\n        <p><span style=\"color: #f0f0e0;\">Quai Galli\u00e9ni, BP 41256<br><\/span><span style=\"color: #f0f0e0;\">98174 Papeete<\/span><br><span style=\"color: #f0f0e0;\">French Polynesia<\/span><br><br>+689 40 540 300<br>info@kontikitahiti.com<\/p>    <\/div>\n<\/div>\n<!-- \/module text -->        <\/div>\n                    <div  data-lazy=\"1\" class=\"module_column sub_column col4-2 tb_v3wq899 last\">\n                    <!-- module icon -->\n<div  class=\"module module-icon tb_7yjg14  xlarge  icon_horizontal tf_textc\" data-lazy=\"1\">\n\t\t\t<div class=\"module-icon-item\">\n\t\t\t\t\t\t\t<a href=\"https:\/\/www.facebook.com\/kontikitahiti\" rel=\"noopener\" target=\"_blank\">\n\t\t\t\t\t\t\t\t\t\t\t\t\t\t\t\t\t<em class=\"tf_box\"\n\t\t\t\t\t\t\t\t\t\t\t\t style=\"color:#f0f0e0\"\t\t\t\t\t><svg  class=\"tf_fa tf-fab-facebook\" aria-hidden=\"true\"><use href=\"#tf-fab-facebook\"><\/use><\/svg><\/em>\n\t\t\t\t\t\t\t\t\t\t\t\t\t\t\t\t\t\t\t<span class=\"screen-reader-text\">Icon label<\/span>\n\t\t\t\t\t\t\t\t\t\t\t\t\t\t\t\t\t<\/a>\n\t\t\t\t\t<\/div>\n\t\t\t<div class=\"module-icon-item\">\n\t\t\t\t\t\t\t<a href=\"https:\/\/www.instagram.com\/kontikitahiti\/\">\n\t\t\t\t\t\t\t\t\t\t\t\t\t\t\t\t\t<em class=\"tf_box\"\n\t\t\t\t\t\t\t\t\t\t\t\t style=\"color:#f0f0e0\"\t\t\t\t\t><svg  class=\"tf_fa tf-fab-instagram\" aria-hidden=\"true\"><use href=\"#tf-fab-instagram\"><\/use><\/svg><\/em>\n\t\t\t\t\t\t\t\t\t\t\t\t\t\t\t\t\t\t\t<span class=\"screen-reader-text\">Icon label<\/span>\n\t\t\t\t\t\t\t\t\t\t\t\t\t\t\t\t\t<\/a>\n\t\t\t\t\t<\/div>\n\t<\/div>\n<!-- \/module icon -->\n        <\/div>\n                    <\/div>\n        <!-- module image -->\n<div  class=\"module module-image tb_1jl1352 image-top  parallax-fade tf_mw\" data-lazy=\"1\">\n        <div class=\"image-wrap tf_rel tf_mw\">\n            <img decoding=\"async\" src=\"https:\/\/kontikitahiti.com\/wp-content\/uploads\/2025\/02\/whale-tail.svg\" class=\"wp-post-image wp-image-984\" title=\"whale-tail\" alt=\"whale-tail\">    \n        <\/div>\n    <!-- \/image-wrap -->\n    \n        <\/div>\n<!-- \/module image --><!-- module text -->\n<div  class=\"module module-text tb_dic9378 parallax-fade  \" data-lazy=\"1\">\n        <div  class=\"tb_text_wrap\">\n        <p style=\"text-align: left;\"><span style=\"color: #f0f0e0;\">Opposite the ferry terminal, the hotel enjoys a privileged location, ideal for tourists. Just a stone&#8217;s throw from Paofai Gardens and Papeete harbor, it&#8217;s the perfect base for exploring Tahiti.<br><\/span><\/p>    <\/div>\n<\/div>\n<!-- \/module text -->        <\/div>\n                    <\/div>\n                <\/div>\n                        <\/div>\n        <\/div>\n                        <div  data-lazy=\"1\" class=\"module_row themify_builder_row tb_dhvc493 tf_w\">\n                        <div class=\"row_inner col_align_top tb_col_count_1 tf_box tf_rel\">\n                        <div  data-lazy=\"1\" class=\"module_column tb-column col-full tb_b16b493 first\">\n                    <!-- module text -->\n<div  class=\"module module-text tb_pga3493 parallax-fade  \" data-lazy=\"1\">\n        <div  class=\"tb_text_wrap\">\n        <h1>Contact us<\/h1>    <\/div>\n<\/div>\n<!-- \/module text --><!-- module plain text -->\n<div  class=\"module module-plain-text tb_2d9g493 parallax-fade\" data-lazy=\"1\">\n        <div class=\"tb_text_wrap\">\n    <div id=\"quform-a05dec\" class=\"quform quform-1 quform-theme-minimal quform-support-page-caching\"><form id=\"quform-form-a05dec\" class=\"quform-form quform-form-1\" action=\"\/en\/wp-json\/wp\/v2\/pages\/1124#quform-a05dec\" method=\"post\" enctype=\"multipart\/form-data\" novalidate=\"novalidate\" data-options=\"{&quot;id&quot;:1,&quot;uniqueId&quot;:&quot;a05dec&quot;,&quot;theme&quot;:&quot;minimal&quot;,&quot;ajax&quot;:true,&quot;logic&quot;:{&quot;logic&quot;:[],&quot;dependents&quot;:[],&quot;elementIds&quot;:[],&quot;dependentElementIds&quot;:[],&quot;animate&quot;:true},&quot;currentPageId&quot;:1,&quot;errorsIcon&quot;:&quot;&quot;,&quot;updateFancybox&quot;:true,&quot;hasPages&quot;:false,&quot;pages&quot;:[1],&quot;pageProgressType&quot;:&quot;numbers&quot;,&quot;tooltipsEnabled&quot;:true,&quot;tooltipClasses&quot;:&quot;qtip-quform-dark qtip-shadow&quot;,&quot;tooltipMy&quot;:&quot;left center&quot;,&quot;tooltipAt&quot;:&quot;right center&quot;,&quot;isRtl&quot;:false,&quot;scrollOffset&quot;:-50,&quot;scrollSpeed&quot;:800}\"><button class=\"quform-default-submit\" name=\"quform_submit\" type=\"submit\" value=\"submit\" aria-hidden=\"true\" tabindex=\"-1\"><\/button><div class=\"quform-form-inner quform-form-inner-1\"><input type=\"hidden\" name=\"quform_form_id\" value=\"1\" \/><input type=\"hidden\" name=\"quform_form_uid\" value=\"a05dec\" \/><input type=\"hidden\" name=\"quform_count\" value=\"1\" \/><input type=\"hidden\" name=\"form_url\" value=\"https:\/\/kontikitahiti.com\/en\/wp-json\/wp\/v2\/pages\/1124\" \/><input type=\"hidden\" name=\"referring_url\" value=\"\" \/><input type=\"hidden\" name=\"post_id\" value=\"\" \/><input type=\"hidden\" name=\"post_title\" value=\"\" \/><input type=\"hidden\" name=\"quform_current_page_id\" value=\"1\" \/><input type=\"hidden\" name=\"quform_loaded\" value=\"1775309100|f2d5c3a13c9585fccc97e2a5f33b2f18\" \/><input type=\"hidden\" name=\"quform_csrf_token\" value=\"0o9A1Mhmeasg7MsDCn9NtYfMcRgCHsD8pdlthlXD\" \/><div class=\"quform-elements quform-elements-1 quform-cf quform-responsive-elements-phone-landscape\"><div class=\"quform-element quform-element-page quform-page-1 quform-page-1_1 quform-cf quform-group-style-plain quform-first-page quform-last-page quform-current-page\"><div class=\"quform-child-elements\"><div class=\"quform-element quform-element-row quform-element-row-1_3 quform-3-columns quform-element-row-size-fixed quform-responsive-columns-phone-landscape\"><div class=\"quform-element quform-element-column quform-element-1_4\"><div class=\"quform-element quform-element-text quform-element-1_11 quform-cf quform-element-required\"><div class=\"quform-spacer\"><div class=\"quform-label quform-label-1_11\"><label class=\"quform-label-text\" for=\"quform_1_11_a05dec\">Pr\u00e9nom<span class=\"quform-required\">*<\/span><\/label><\/div><div class=\"quform-inner quform-inner-text quform-inner-1_11\"><div class=\"quform-input quform-input-text quform-input-1_11 quform-cf\"><input type=\"text\" id=\"quform_1_11_a05dec\" name=\"quform_1_11\" class=\"quform-field quform-field-text quform-field-1_11\" \/><\/div><\/div><\/div><\/div><div class=\"quform-element quform-element-select quform-element-1_15 quform-cf quform-element-required\"><div class=\"quform-spacer\"><div class=\"quform-label quform-label-1_15\"><label class=\"quform-label-text\" for=\"quform_1_15_a05dec\">Type d'\u00e9v\u00e9nement<span class=\"quform-required\">*<\/span><\/label><\/div><div class=\"quform-inner quform-inner-select quform-inner-1_15\"><div class=\"quform-input quform-input-select quform-input-1_15 quform-cf\"><select id=\"quform_1_15_a05dec\" name=\"quform_1_15\" class=\"quform-field quform-field-select quform-field-1_15\"><option value=\"\" selected=\"selected\">Please select<\/option><option value=\"1\">1<\/option><option value=\"2\">2<\/option><option value=\"3\">3<\/option><\/select><\/div><\/div><\/div><\/div><\/div><div class=\"quform-element quform-element-column quform-element-1_5\"><div class=\"quform-element quform-element-text quform-element-1_12 quform-cf quform-element-required\"><div class=\"quform-spacer\"><div class=\"quform-label quform-label-1_12\"><label class=\"quform-label-text\" for=\"quform_1_12_a05dec\">nom<span class=\"quform-required\">*<\/span><\/label><\/div><div class=\"quform-inner quform-inner-text quform-inner-1_12\"><div class=\"quform-input quform-input-text quform-input-1_12 quform-cf\"><input type=\"text\" id=\"quform_1_12_a05dec\" name=\"quform_1_12\" class=\"quform-field quform-field-text quform-field-1_12\" \/><\/div><\/div><\/div><\/div><div class=\"quform-element quform-element-date quform-element-1_16 quform-cf quform-element-required\"><div class=\"quform-spacer\"><div class=\"quform-label quform-label-1_16\"><label class=\"quform-label-text\" for=\"quform_1_16_a05dec\">Date<span class=\"quform-required\">*<\/span><\/label><\/div><div class=\"quform-inner quform-inner-date quform-inner-1_16\"><div class=\"quform-input quform-input-date quform-input-1_16 quform-cf quform-has-field-icon-right\"><input type=\"text\" id=\"quform_1_16_a05dec\" name=\"quform_1_16\" class=\"quform-field quform-field-date quform-field-1_16\" placeholder=\"YYYY-MM-DD\" data-options=\"{&quot;format&quot;:&quot;&quot;,&quot;min&quot;:&quot;&quot;,&quot;max&quot;:&quot;&quot;,&quot;start&quot;:&quot;month&quot;,&quot;depth&quot;:&quot;month&quot;,&quot;showFooter&quot;:false,&quot;locale&quot;:&quot;en-US&quot;,&quot;placeholder&quot;:&quot;Choisissez une date&quot;,&quot;autoOpen&quot;:true,&quot;identifier&quot;:&quot;1_16&quot;}\" \/><span class=\"quform-field-icon quform-field-icon-right\"><i class=\"qicon-calendar\"><\/i><\/span><\/div><\/div><\/div><\/div><\/div><div class=\"quform-element quform-element-column quform-element-1_6\"><div class=\"quform-element quform-element-email quform-element-1_14 quform-cf quform-element-required\"><div class=\"quform-spacer\"><div class=\"quform-label quform-label-1_14\"><label class=\"quform-label-text\" for=\"quform_1_14_a05dec\">Adresse mail<span class=\"quform-required\">*<\/span><\/label><\/div><div class=\"quform-inner quform-inner-email quform-inner-1_14\"><div class=\"quform-input quform-input-email quform-input-1_14 quform-cf\"><input type=\"email\" id=\"quform_1_14_a05dec\" name=\"quform_1_14\" class=\"quform-field quform-field-email quform-field-1_14\" \/><\/div><\/div><\/div><\/div><div class=\"quform-element quform-element-text quform-element-1_18 quform-cf quform-element-required\"><div class=\"quform-spacer\"><div class=\"quform-label quform-label-1_18\"><label class=\"quform-label-text\" for=\"quform_1_18_a05dec\">Nombre de personnes <span class=\"quform-required\">*<\/span><\/label><\/div><div class=\"quform-inner quform-inner-text quform-inner-1_18\"><div class=\"quform-input quform-input-text quform-input-1_18 quform-cf\"><input type=\"text\" id=\"quform_1_18_a05dec\" name=\"quform_1_18\" class=\"quform-field quform-field-text quform-field-1_18\" \/><\/div><\/div><\/div><\/div><\/div><\/div><div class=\"quform-element quform-element-row quform-element-row-1_7 quform-2-columns quform-element-row-size-fixed quform-responsive-columns-phone-landscape\"><div class=\"quform-element quform-element-column quform-element-1_8\"><div class=\"quform-element quform-element-textarea quform-element-1_20 quform-cf quform-element-optional\"><div class=\"quform-spacer\"><div class=\"quform-label quform-label-1_20\"><label class=\"quform-label-text\" for=\"quform_1_20_a05dec\">Commentaires<\/label><\/div><div class=\"quform-inner quform-inner-textarea quform-inner-1_20\"><div class=\"quform-input quform-input-textarea quform-input-1_20 quform-cf\"><textarea id=\"quform_1_20_a05dec\" name=\"quform_1_20\" class=\"quform-field quform-field-textarea quform-field-1_20\"><\/textarea><\/div><\/div><\/div><\/div><\/div><div class=\"quform-element quform-element-column quform-element-1_9\"><div class=\"quform-element quform-element-text quform-element-1_19 quform-cf quform-element-required\"><div class=\"quform-spacer\"><div class=\"quform-label quform-label-1_19\"><label class=\"quform-label-text\" for=\"quform_1_19_a05dec\">Num\u00e9ro de t\u00e9l\u00e9phone<span class=\"quform-required\">*<\/span><\/label><\/div><div class=\"quform-inner quform-inner-text quform-inner-1_19\"><div class=\"quform-input quform-input-text quform-input-1_19 quform-cf\"><input type=\"text\" id=\"quform_1_19_a05dec\" name=\"quform_1_19\" class=\"quform-field quform-field-text quform-field-1_19\" \/><\/div><\/div><\/div><\/div><div class=\"quform-element quform-element-submit quform-element-1_2 quform-cf quform-button-style-bootstrap\"><div class=\"quform-button-submit quform-button-submit-default quform-button-submit-1_2\"><button name=\"quform_submit\" type=\"submit\" class=\"quform-submit\" value=\"submit\"><span class=\"quform-button-text quform-button-submit-text\">Send<\/span><\/button><\/div><div class=\"quform-loading quform-loading-position-left quform-loading-type-spinner-1\"><div class=\"quform-loading-inner\"><div class=\"quform-loading-spinner\"><div class=\"quform-loading-spinner-inner\"><\/div><\/div><\/div><\/div><\/div><\/div><\/div><div class=\"quform-element quform-element-textarea quform-element-1_641379 quform-sr-only quform-cf\" style=\"clip: rect(1px, 1px, 1px, 1px); clip-path: inset(50%); position: absolute !important; height: 1px; width: 1px; overflow: hidden;\"><div class=\"quform-spacer\"><div class=\"quform-label quform-label-1_641379\"><label class=\"quform-label-text\" for=\"quform_1_641379_a05dec\">Contact Email<span class=\"quform-required\">*<\/span><\/label><\/div><div class=\"quform-inner quform-inner-1_641379\"><textarea id=\"quform_1_641379_a05dec\" name=\"quform_1_641379\" class=\"quform-field quform-field-textarea quform-field-1_641379\" tabindex=\"-1\" autocomplete=\"new-password\"><\/textarea><\/div><\/div><\/div><\/div><\/div><\/div><\/div><\/form><\/div>    <\/div>\n<\/div>\n<!-- \/module plain text -->        <\/div>\n                        <\/div>\n        <\/div>\n        <\/div>\n<!--\/themify_builder_content-->","protected":false},"excerpt":{"rendered":"<p>Contact Our team will be happy to assist you with any information or booking requests. Write to us at direction@surfhouse.pf Quai Galli\u00e9ni, BP 4125698174 PapeeteFrench Polynesia +689 40 540 300info@kontikitahiti.com Icon label Icon label Opposite the ferry terminal, the hotel enjoys a privileged location, ideal for tourists. Just a stone&#8217;s throw from Paofai Gardens and [&hellip;]<\/p>\n","protected":false},"author":1,"featured_media":0,"parent":0,"menu_order":0,"comment_status":"closed","ping_status":"closed","template":"","meta":{"footnotes":""},"class_list":["post-1124","page","type-page","status-publish","hentry","has-post-title","has-post-date","has-post-category","has-post-tag","has-post-comment","has-post-author",""],"aioseo_notices":[],"builder_content":"<img src=\"https:\/\/kontikitahiti.com\/wp-content\/uploads\/2024\/11\/logo-tiki.svg\" title=\"logo-tiki\" alt=\"logo-tiki\">\n<h1 style=\"text-align: center;\">Contact<\/h1>\n<p style=\"text-align: center;\">Our team will be happy to assist you with any information or booking requests. <\/p> <p style=\"text-align: center;\">Write to us at <a href=\"mailto:direction@surfhouse.pf\">direction@surfhouse.pf<\/a><\/p>\n<img src=\"https:\/\/kontikitahiti.com\/wp-content\/uploads\/2025\/03\/cartekontiki.svg\" title=\"cartekontiki\" alt=\"cartekontiki\">\n<p>Quai Galli\u00e9ni, BP 41256<br>98174 Papeete<br>French Polynesia<br><br>+689 40 540 300<br>info@kontikitahiti.com<\/p>\n<a href=\"https:\/\/www.facebook.com\/kontikitahiti\" rel=\"noopener\" target=\"_blank\"> <em style=\"color:#f0f0e0\" ><svg aria-hidden=\"true\"><use href=\"#tf-fab-facebook\"><\/use><\/svg><\/em> Icon label <\/a> <a href=\"https:\/\/www.instagram.com\/kontikitahiti\/\"> <em style=\"color:#f0f0e0\" ><svg aria-hidden=\"true\"><use href=\"#tf-fab-instagram\"><\/use><\/svg><\/em> Icon label <\/a>\n<img src=\"https:\/\/kontikitahiti.com\/wp-content\/uploads\/2025\/02\/whale-tail.svg\" title=\"whale-tail\" alt=\"whale-tail\">\n<p style=\"text-align: left;\">Opposite the ferry terminal, the hotel enjoys a privileged location, ideal for tourists. Just a stone's throw from Paofai Gardens and Papeete harbor, it's the perfect base for exploring Tahiti.<br><\/p>\n<h1>Contact us<\/h1>\n[quform id=\"1\" name=\"Contact Kon Tiki\"]","_links":{"self":[{"href":"https:\/\/kontikitahiti.com\/en\/wp-json\/wp\/v2\/pages\/1124","targetHints":{"allow":["GET"]}}],"collection":[{"href":"https:\/\/kontikitahiti.com\/en\/wp-json\/wp\/v2\/pages"}],"about":[{"href":"https:\/\/kontikitahiti.com\/en\/wp-json\/wp\/v2\/types\/page"}],"author":[{"embeddable":true,"href":"https:\/\/kontikitahiti.com\/en\/wp-json\/wp\/v2\/users\/1"}],"replies":[{"embeddable":true,"href":"https:\/\/kontikitahiti.com\/en\/wp-json\/wp\/v2\/comments?post=1124"}],"version-history":[{"count":3,"href":"https:\/\/kontikitahiti.com\/en\/wp-json\/wp\/v2\/pages\/1124\/revisions"}],"predecessor-version":[{"id":1668,"href":"https:\/\/kontikitahiti.com\/en\/wp-json\/wp\/v2\/pages\/1124\/revisions\/1668"}],"wp:attachment":[{"href":"https:\/\/kontikitahiti.com\/en\/wp-json\/wp\/v2\/media?parent=1124"}],"curies":[{"name":"wp","href":"https:\/\/api.w.org\/{rel}","templated":true}]}}